{"id":11,"date":"2023-02-27T12:32:52","date_gmt":"2023-02-27T12:32:52","guid":{"rendered":"https:\/\/eletricistasportimao.pt\/?page_id=11"},"modified":"2023-04-10T17:39:03","modified_gmt":"2023-04-10T17:39:03","slug":"o-que-fazemos","status":"publish","type":"page","link":"https:\/\/eletricistasportimao.pt\/index.php\/o-que-fazemos\/","title":{"rendered":"O que fazemos"},"content":{"rendered":"\r\n<div class=\"wp-block-cover alignfull has-nv-site-bg-background-color has-background-dim\" style=\"min-height: 320px;aspect-ratio:unset;\">\r\n<div class=\"wp-block-cover__inner-container is-layout-flow wp-block-cover-is-layout-flow\">\r\n<div class=\"wp-block-group\">\r\n<div class=\"wp-block-group__inner-container is-layout-flow wp-block-group-is-layout-flow\">\r\n<div class=\"wp-block-columns are-vertically-aligned-center is-layout-flex wp-container-core-columns-is-layout-9d6595d7 wp-block-columns-is-layout-flex\">\r\n<div class=\"wp-block-column is-vertically-aligned-center is-layout-flow wp-block-column-is-layout-flow\" style=\"flex-basis: 70%;\">\r\n<h1 class=\"has-text-align-left has-neve-text-color-color has-text-color wp-block-heading\">O que fazemos<\/h1>\r\n\r\n\r\n\r\n<p class=\"has-neve-text-color-color has-text-color\" style=\"font-size: 22px;\">No \u00e2mbito da interven\u00e7\u00e3o de INSTALA\u00c7\u00d5ES EL\u00c9TRICAS fazemos:<\/p>\r\n<\/div>\r\n\r\n\r\n\r\n<div class=\"wp-block-column is-vertically-aligned-center is-layout-flow wp-block-column-is-layout-flow\" style=\"flex-basis: 30%;\">\u00a0<\/div>\r\n<\/div>\r\n<\/div>\r\n<\/div>\r\n<\/div>\r\n<\/div>\r\n\r\n\r\n\r\n<div class=\"wp-block-cover alignfull has-nv-light-bg-background-color has-background-dim is-layout-flow wp-block-cover-is-layout-flow\" style=\"min-height: 600px;aspect-ratio:unset;\">\r\n<div class=\"wp-block-cover__inner-container\">\r\n<div class=\"wp-block-group\">\r\n<div class=\"wp-block-group__inner-container\">\r\n<div class=\"wp-block-spacer\" style=\"height: 80px;\" aria-hidden=\"true\">\u00a0<\/div>\r\n<div class=\"wp-block-columns\">\r\n<div class=\"wp-block-column\" style=\"flex-basis: 66.79%;\">\r\n<figure class=\"wp-block-image\"><img decoding=\"async\" src=\"https:\/\/eletricistasportimao.pt\/wp-content\/themes\/neve\/assets\/img\/starter-content\/card-05.jpg\" alt=\"\" \/><\/figure>\r\n<div class=\"wp-block-spacer\" style=\"height: 40px;\" aria-hidden=\"true\">\u00a0<\/div>\r\n<\/div>\r\n<div class=\"wp-block-column\" style=\"flex-basis: 34%;\">\r\n<ul class=\"has-neve-text-color-color has-text-color\">\r\n<li>Avarias el\u00e9tricas dom\u00e9sticas.<\/li>\r\n<li>Sistemas de ilumina\u00e7\u00e3o e v\u00eddeo vigil\u00e2ncia.<\/li>\r\n<li>Aumentos de pot\u00eancia de quadros el\u00e9tricos.<\/li>\r\n<li>Instala\u00e7\u00e3o de disjuntores e diferenciais.<\/li>\r\n<li>Instala\u00e7\u00f5es el\u00e9tricas dom\u00e9sticas.<\/li>\r\n<li>Repara\u00e7\u00e3o de fus\u00edveis, tomadas, disjuntores, campainhas, trincos el\u00e9tricos.<\/li>\r\n<li>Ilumina\u00e7\u00e3o interior e exterior.<\/li>\r\n<li>Aquecedores el\u00e9tricos, exaustores.<\/li>\r\n<li>Manuten\u00e7\u00e3o e instala\u00e7\u00e3o de sistemas el\u00e9tricos no sector da constru\u00e7\u00e3o civil, lojas, condom\u00ednios.<\/li>\r\n<li>Repara\u00e7\u00e3o Ide intercomunicadores e v\u00eddeo porteiro.<\/li>\r\n<li>Quadros el\u00e9tricos.<\/li>\r\n<li>Candeeiros e armaduras de ilumina\u00e7\u00e3o.<\/li>\r\n<li>L\u00e2mpadas e ilumina\u00e7\u00e3o led.<\/li>\r\n<li>Tomadas de energia, telefone, dados e rede TV.<\/li>\r\n<li>Remodela\u00e7\u00e3o de obras.<\/li>\r\n<\/ul>\r\n<hr class=\"wp-block-separator is-style-wide\" \/><\/div>\r\n<\/div>\r\n<\/div>\r\n<\/div>\r\n<\/div>\r\n<\/div>\r\n<div class=\"wp-block-spacer\" style=\"height: 40px;\" aria-hidden=\"true\">\u00a0<\/div>\r\n<div aria-hidden=\"true\">\u00a0<\/div>\r\n<div aria-hidden=\"true\">\u00a0<\/div>\r\n<div aria-hidden=\"true\">\u00a0<\/div>\r\n","protected":false},"excerpt":{"rendered":"","protected":false},"author":1,"featured_media":0,"parent":0,"menu_order":0,"comment_status":"closed","ping_status":"closed","template":"","meta":{"neve_meta_sidebar":"","neve_meta_container":"","neve_meta_enable_content_width":"on","neve_meta_content_width":100,"neve_meta_title_alignment":"","neve_meta_author_avatar":"","neve_post_elements_order":"","neve_meta_disable_header":"","neve_meta_disable_footer":"","neve_meta_disable_title":"on","footnotes":""},"class_list":["post-11","page","type-page","status-publish","hentry"],"yoast_head":"<!-- This site is optimized with the Yoast SEO plugin v24.1 - https:\/\/yoast.com\/wordpress\/plugins\/seo\/ -->\n<title>O que fazemos - Eletricistas Portim\u00e3o<\/title>\n<meta name=\"robots\" content=\"index, follow, max-snippet:-1, max-image-preview:large, max-video-preview:-1\" \/>\n<link rel=\"canonical\" href=\"https:\/\/eletricistasportimao.pt\/index.php\/o-que-fazemos\/\" \/>\n<meta property=\"og:locale\" content=\"pt_PT\" \/>\n<meta property=\"og:type\" content=\"article\" \/>\n<meta property=\"og:title\" content=\"O que fazemos - Eletricistas Portim\u00e3o\" \/>\n<meta property=\"og:url\" content=\"https:\/\/eletricistasportimao.pt\/index.php\/o-que-fazemos\/\" \/>\n<meta property=\"og:site_name\" content=\"Eletricistas Portim\u00e3o\" \/>\n<meta property=\"article:modified_time\" content=\"2023-04-10T17:39:03+00:00\" \/>\n<meta property=\"og:image\" content=\"https:\/\/eletricistasportimao.pt\/wp-content\/themes\/neve\/assets\/img\/starter-content\/card-05.jpg\" \/>\n<meta name=\"twitter:card\" content=\"summary_large_image\" \/>\n<meta name=\"twitter:label1\" content=\"Tempo estimado de leitura\" \/>\n\t<meta name=\"twitter:data1\" content=\"1 minuto\" \/>\n<script type=\"application\/ld+json\" class=\"yoast-schema-graph\">{\"@context\":\"https:\/\/schema.org\",\"@graph\":[{\"@type\":\"WebPage\",\"@id\":\"https:\/\/eletricistasportimao.pt\/index.php\/o-que-fazemos\/\",\"url\":\"https:\/\/eletricistasportimao.pt\/index.php\/o-que-fazemos\/\",\"name\":\"O que fazemos - Eletricistas Portim\u00e3o\",\"isPartOf\":{\"@id\":\"https:\/\/eletricistasportimao.pt\/#website\"},\"primaryImageOfPage\":{\"@id\":\"https:\/\/eletricistasportimao.pt\/index.php\/o-que-fazemos\/#primaryimage\"},\"image\":{\"@id\":\"https:\/\/eletricistasportimao.pt\/index.php\/o-que-fazemos\/#primaryimage\"},\"thumbnailUrl\":\"https:\/\/eletricistasportimao.pt\/wp-content\/themes\/neve\/assets\/img\/starter-content\/card-05.jpg\",\"datePublished\":\"2023-02-27T12:32:52+00:00\",\"dateModified\":\"2023-04-10T17:39:03+00:00\",\"breadcrumb\":{\"@id\":\"https:\/\/eletricistasportimao.pt\/index.php\/o-que-fazemos\/#breadcrumb\"},\"inLanguage\":\"pt-PT\",\"potentialAction\":[{\"@type\":\"ReadAction\",\"target\":[\"https:\/\/eletricistasportimao.pt\/index.php\/o-que-fazemos\/\"]}]},{\"@type\":\"ImageObject\",\"inLanguage\":\"pt-PT\",\"@id\":\"https:\/\/eletricistasportimao.pt\/index.php\/o-que-fazemos\/#primaryimage\",\"url\":\"https:\/\/eletricistasportimao.pt\/wp-content\/themes\/neve\/assets\/img\/starter-content\/card-05.jpg\",\"contentUrl\":\"https:\/\/eletricistasportimao.pt\/wp-content\/themes\/neve\/assets\/img\/starter-content\/card-05.jpg\"},{\"@type\":\"BreadcrumbList\",\"@id\":\"https:\/\/eletricistasportimao.pt\/index.php\/o-que-fazemos\/#breadcrumb\",\"itemListElement\":[{\"@type\":\"ListItem\",\"position\":1,\"name\":\"In\u00edcio\",\"item\":\"https:\/\/eletricistasportimao.pt\/\"},{\"@type\":\"ListItem\",\"position\":2,\"name\":\"O que fazemos\"}]},{\"@type\":\"WebSite\",\"@id\":\"https:\/\/eletricistasportimao.pt\/#website\",\"url\":\"https:\/\/eletricistasportimao.pt\/\",\"name\":\"Eletricistas Portim\u00e3o\",\"description\":\"\",\"publisher\":{\"@id\":\"https:\/\/eletricistasportimao.pt\/#\/schema\/person\/59214dade569c6f155db5112f7f06035\"},\"potentialAction\":[{\"@type\":\"SearchAction\",\"target\":{\"@type\":\"EntryPoint\",\"urlTemplate\":\"https:\/\/eletricistasportimao.pt\/?s={search_term_string}\"},\"query-input\":{\"@type\":\"PropertyValueSpecification\",\"valueRequired\":true,\"valueName\":\"search_term_string\"}}],\"inLanguage\":\"pt-PT\"},{\"@type\":[\"Person\",\"Organization\"],\"@id\":\"https:\/\/eletricistasportimao.pt\/#\/schema\/person\/59214dade569c6f155db5112f7f06035\",\"name\":\"admin\",\"image\":{\"@type\":\"ImageObject\",\"inLanguage\":\"pt-PT\",\"@id\":\"https:\/\/eletricistasportimao.pt\/#\/schema\/person\/image\/\",\"url\":\"https:\/\/eletricistasportimao.pt\/wp-content\/uploads\/2023\/03\/ico3.png\",\"contentUrl\":\"https:\/\/eletricistasportimao.pt\/wp-content\/uploads\/2023\/03\/ico3.png\",\"width\":92,\"height\":92,\"caption\":\"admin\"},\"logo\":{\"@id\":\"https:\/\/eletricistasportimao.pt\/#\/schema\/person\/image\/\"},\"sameAs\":[\"https:\/\/eletricistasportimao.pt\"]}]}<\/script>\n<!-- \/ Yoast SEO plugin. -->","yoast_head_json":{"title":"O que fazemos - Eletricistas Portim\u00e3o","robots":{"index":"index","follow":"follow","max-snippet":"max-snippet:-1","max-image-preview":"max-image-preview:large","max-video-preview":"max-video-preview:-1"},"canonical":"https:\/\/eletricistasportimao.pt\/index.php\/o-que-fazemos\/","og_locale":"pt_PT","og_type":"article","og_title":"O que fazemos - Eletricistas Portim\u00e3o","og_url":"https:\/\/eletricistasportimao.pt\/index.php\/o-que-fazemos\/","og_site_name":"Eletricistas Portim\u00e3o","article_modified_time":"2023-04-10T17:39:03+00:00","og_image":[{"url":"https:\/\/eletricistasportimao.pt\/wp-content\/themes\/neve\/assets\/img\/starter-content\/card-05.jpg","type":"","width":"","height":""}],"twitter_card":"summary_large_image","twitter_misc":{"Tempo estimado de leitura":"1 minuto"},"schema":{"@context":"https:\/\/schema.org","@graph":[{"@type":"WebPage","@id":"https:\/\/eletricistasportimao.pt\/index.php\/o-que-fazemos\/","url":"https:\/\/eletricistasportimao.pt\/index.php\/o-que-fazemos\/","name":"O que fazemos - Eletricistas Portim\u00e3o","isPartOf":{"@id":"https:\/\/eletricistasportimao.pt\/#website"},"primaryImageOfPage":{"@id":"https:\/\/eletricistasportimao.pt\/index.php\/o-que-fazemos\/#primaryimage"},"image":{"@id":"https:\/\/eletricistasportimao.pt\/index.php\/o-que-fazemos\/#primaryimage"},"thumbnailUrl":"https:\/\/eletricistasportimao.pt\/wp-content\/themes\/neve\/assets\/img\/starter-content\/card-05.jpg","datePublished":"2023-02-27T12:32:52+00:00","dateModified":"2023-04-10T17:39:03+00:00","breadcrumb":{"@id":"https:\/\/eletricistasportimao.pt\/index.php\/o-que-fazemos\/#breadcrumb"},"inLanguage":"pt-PT","potentialAction":[{"@type":"ReadAction","target":["https:\/\/eletricistasportimao.pt\/index.php\/o-que-fazemos\/"]}]},{"@type":"ImageObject","inLanguage":"pt-PT","@id":"https:\/\/eletricistasportimao.pt\/index.php\/o-que-fazemos\/#primaryimage","url":"https:\/\/eletricistasportimao.pt\/wp-content\/themes\/neve\/assets\/img\/starter-content\/card-05.jpg","contentUrl":"https:\/\/eletricistasportimao.pt\/wp-content\/themes\/neve\/assets\/img\/starter-content\/card-05.jpg"},{"@type":"BreadcrumbList","@id":"https:\/\/eletricistasportimao.pt\/index.php\/o-que-fazemos\/#breadcrumb","itemListElement":[{"@type":"ListItem","position":1,"name":"In\u00edcio","item":"https:\/\/eletricistasportimao.pt\/"},{"@type":"ListItem","position":2,"name":"O que fazemos"}]},{"@type":"WebSite","@id":"https:\/\/eletricistasportimao.pt\/#website","url":"https:\/\/eletricistasportimao.pt\/","name":"Eletricistas Portim\u00e3o","description":"","publisher":{"@id":"https:\/\/eletricistasportimao.pt\/#\/schema\/person\/59214dade569c6f155db5112f7f06035"},"potentialAction":[{"@type":"SearchAction","target":{"@type":"EntryPoint","urlTemplate":"https:\/\/eletricistasportimao.pt\/?s={search_term_string}"},"query-input":{"@type":"PropertyValueSpecification","valueRequired":true,"valueName":"search_term_string"}}],"inLanguage":"pt-PT"},{"@type":["Person","Organization"],"@id":"https:\/\/eletricistasportimao.pt\/#\/schema\/person\/59214dade569c6f155db5112f7f06035","name":"admin","image":{"@type":"ImageObject","inLanguage":"pt-PT","@id":"https:\/\/eletricistasportimao.pt\/#\/schema\/person\/image\/","url":"https:\/\/eletricistasportimao.pt\/wp-content\/uploads\/2023\/03\/ico3.png","contentUrl":"https:\/\/eletricistasportimao.pt\/wp-content\/uploads\/2023\/03\/ico3.png","width":92,"height":92,"caption":"admin"},"logo":{"@id":"https:\/\/eletricistasportimao.pt\/#\/schema\/person\/image\/"},"sameAs":["https:\/\/eletricistasportimao.pt"]}]}},"_links":{"self":[{"href":"https:\/\/eletricistasportimao.pt\/index.php\/wp-json\/wp\/v2\/pages\/11","targetHints":{"allow":["GET"]}}],"collection":[{"href":"https:\/\/eletricistasportimao.pt\/index.php\/wp-json\/wp\/v2\/pages"}],"about":[{"href":"https:\/\/eletricistasportimao.pt\/index.php\/wp-json\/wp\/v2\/types\/page"}],"author":[{"embeddable":true,"href":"https:\/\/eletricistasportimao.pt\/index.php\/wp-json\/wp\/v2\/users\/1"}],"replies":[{"embeddable":true,"href":"https:\/\/eletricistasportimao.pt\/index.php\/wp-json\/wp\/v2\/comments?post=11"}],"version-history":[{"count":18,"href":"https:\/\/eletricistasportimao.pt\/index.php\/wp-json\/wp\/v2\/pages\/11\/revisions"}],"predecessor-version":[{"id":310,"href":"https:\/\/eletricistasportimao.pt\/index.php\/wp-json\/wp\/v2\/pages\/11\/revisions\/310"}],"wp:attachment":[{"href":"https:\/\/eletricistasportimao.pt\/index.php\/wp-json\/wp\/v2\/media?parent=11"}],"curies":[{"name":"wp","href":"https:\/\/api.w.org\/{rel}","templated":true}]}}